{"id":14,"date":"2024-03-23T02:16:17","date_gmt":"2024-03-23T01:16:17","guid":{"rendered":"https:\/\/diocesisdeaguascalientes.mx\/pastoral-social\/?page_id=14"},"modified":"2025-06-20T08:08:23","modified_gmt":"2025-06-20T14:08:23","slug":"caritas","status":"publish","type":"page","link":"https:\/\/diocesisdeaguascalientes.mx\/pastoral-social\/caritas\/","title":{"rendered":"C\u00e1ritas"},"content":{"rendered":"[et_pb_section fb_built=\u00bb1&#8243; admin_label=\u00bbsection\u00bb _builder_version=\u00bb4.27.4&#8243; background_color=\u00bb#0da0c5&#8243; global_colors_info=\u00bb{}\u00bb][et_pb_row admin_label=\u00bbrow\u00bb _builder_version=\u00bb4.27.4&#8243; background_color=\u00bb#1d5274&#8243; background_size=\u00bbinitial\u00bb background_position=\u00bbtop_left\u00bb background_repeat=\u00bbrepeat\u00bb custom_padding=\u00bb0px|||||\u00bb global_colors_info=\u00bb{}\u00bb][et_pb_column type=\u00bb4_4&#8243; _builder_version=\u00bb4.16&#8243; custom_padding=\u00bb|||\u00bb global_colors_info=\u00bb{}\u00bb custom_padding__hover=\u00bb|||\u00bb][et_pb_text admin_label=\u00bbText\u00bb _builder_version=\u00bb4.27.4&#8243; background_size=\u00bbinitial\u00bb background_position=\u00bbtop_left\u00bb background_repeat=\u00bbrepeat\u00bb custom_padding=\u00bb39px|||||\u00bb global_colors_info=\u00bb{}\u00bb]<p><\/p>\n<h2 class=\"wp-block-heading\" style=\"text-align: center;\"><span style=\"color: #ffffff;\">Dar de Comer al Hambriento y de Beber al Sediento<\/span><\/h2>\n<p><\/p>[\/et_pb_text][et_pb_text _builder_version=\u00bb4.27.4&#8243; _module_preset=\u00bbdefault\u00bb text_font_size=\u00bb18px\u00bb text_line_height=\u00bb1.8em\u00bb custom_margin=\u00bb|28px||28px|false|false\u00bb global_colors_info=\u00bb{}\u00bb]<p><span style=\"color: #ffffff;\">El BANCO DE ALIMENTOS DE C\u00c1RITAS en Aguascalientes, cuya raz\u00f3n social es BODEGA DE ALIMENTOS DE C\u00c1RITAS DE AGUASCALIENTES, A.C. Somos una asociaci\u00f3n civil, fruto de la sociedad civil organizada desde la inspiraci\u00f3n cristiana cat\u00f3lica pues surgimos desde nuestra fundaci\u00f3n con el claro objetivo de servir a la poblaci\u00f3n m\u00e1s necesitada de nuestra di\u00f3cesis.<\/span><\/p>\n<p><span style=\"color: #ffffff;\"><strong>Misi\u00f3n:<\/strong> sensibilizamos y provocamos la participaci\u00f3n conjunta de la sociedad para combatir la pobreza y desnutrici\u00f3n, mediante talleres de formaci\u00f3n integral y entrega de apoyos alimentarios a nuestra poblaci\u00f3n beneficiaria<\/span><\/p>\n<p><span style=\"color: #ffffff;\"><strong>Visi\u00f3n:<\/strong> El Banco de Alimentos de Caritas Aguascalientes se consolida como una asociaci\u00f3n civil de inspiraci\u00f3n cristiana, coadyuvante en la erradicaci\u00f3n de la pobreza (alimentaria, de capacidades y espiritual) del estado de Aguascalientes y sus alrededores.<\/span><\/p>\n<p><span style=\"color: #ffffff;\"><strong>Objetivos:<\/strong> Dar de Comer al Hambriento y de Beber al sediento<\/span><\/p>\n<p><span style=\"color: #ffffff;\"><strong>Antecedentes y contexto del proyecto<\/strong><\/span><\/p>\n<p><span style=\"color: #ffffff;\">En 1995 gracias a la iniciativa del padre Miguel Medina y del Sr. J Jes\u00fas Gonz\u00e1lez y Gonz\u00e1lez se firm\u00f3 el Acta Fundacional.<\/span><\/p>\n<p><span style=\"color: #ffffff;\">Se constituye como Asociaci\u00f3n Civil el 21 de abril de 1999, con el nombre legal de \u201cBodega de Alimentos de C\u00e1ritas de Aguascalientes\u201d A.C. cuando un grupo de empresarios y laicos de la Pastoral Social de Aguascalientes apoyan la idea de cooperar para que la labor del Banco de Alimentos fructifique.<\/span><\/p>\n<p><span style=\"color: #ffffff;\">Asociaci\u00f3n Civil y Donataria Autorizada desde el a\u00f1o 2001, renovando a\u00f1o con a\u00f1o nuestro estatus por parte del SAT en Diario Oficial de la Federaci\u00f3n, siendo el \u00faltimo, este a\u00f1o.<\/span><\/p>\n<p><span style=\"color: #ffffff;\">Pertenecemos a la Red Bancos de M\u00e9xico (BAMX) que agrupa a 63 bancos de alimentos en todo el pa\u00eds. BAMX es la marca comercial que surge en el a\u00f1o del 2013.<\/span><\/p>\n<p><span style=\"color: #ffffff;\">Actualmente nos encontramos en Cd. Industrial calle: Antonio Guti\u00e9rrez Sola #204.<\/span><\/p>\n<p><span style=\"color: #ffffff;\">Desde que se comenz\u00f3 a trabajar en el agropecuario hasta nuestros d\u00edas la poblaci\u00f3n beneficiaria atendida ha ido creciendo. En la Actualidad nuestros paquetes de Apoyo Alimenticio se conforman de alimento donado, rescatado y comprado seleccion\u00e1ndolo, limpi\u00e1ndolo y poni\u00e9ndolo en condiciones dignas de consumo. Est\u00e1n basados en el Plato del Bien Comer y buscamos -con el alimento disponible-equilibrar los alimentos por su contenido nutricional, e incluyendo productos b\u00e1sicos y de prote\u00edna vegetal que no nos donan, compr\u00e1ndolos cuando los precios nos los permiten.<\/span><\/p>\n<p><span style=\"color: #ffffff;\">Atendemos a m\u00e1s de 5,500 familias quincenalmente, con m\u00e1s 25,000 beneficiarios directos de 10 municipios del estado de Aguascalientes y 5 colindantes de los estados de Zacatecas y Jalisco que est\u00e1n conformadas como sigue:<\/span><\/p>\n<p style=\"padding-left: 40px;\"><span style=\"color: #ffffff;\">&#8211; Comunidades. Atenci\u00f3n a 43 comunidades rurales, semi-rurales y urbanas.<\/span><\/p>\n<p style=\"padding-left: 40px;\"><span style=\"color: #ffffff;\">&#8211; Instituciones, o grupos que tienen impacto social: 31 instituciones de distintos tipos de atenci\u00f3n como Centros de Rehabilitaci\u00f3n, Comedores, Capacidades Diferentes, Adultos Mayores, parroquias con atenci\u00f3n a enfermos, etc.<\/span><\/p>\n<p style=\"padding-left: 40px;\"><span style=\"color: #ffffff;\">&#8211; Colaboradores. Son 60 mujeres de las comunidades beneficiadas de 1 plantilla de 10 colaboradoras diarias quienes nos apoyan en la selecci\u00f3n y limpieza del alimento en nuestras instalaciones. As\u00ed como 10 hombres de las instituciones beneficiarias que nos apoyan en la carga, descarga y movimiento del alimento acopiado, con remuneraci\u00f3n en especie en Apoyo Alimenticio de entre 17 y 20 kilos por familia<\/span><\/p>\n<p><span style=\"color: #ffffff;\">Adicional, tenemos prioridades de atenci\u00f3n urgente por conducto de instituciones atendidas en el programa de apoyo alimenticio:<\/span><\/p>\n<p style=\"padding-left: 40px;\"><span style=\"color: #ffffff;\">&#8211; Mujeres en situaci\u00f3n de violencia.<\/span><\/p>\n<p style=\"padding-left: 40px;\"><span style=\"color: #ffffff;\">&#8211; Casos Especiales de Enfermos terminales o temporales con dependencia econ\u00f3mica de menores, as\u00ed como adultos mayores en abandono.<\/span><\/p>\n<p><span style=\"color: #ffffff;\">Hacemos mucho bien, pero queremos llegar m\u00e1s familias, nuestras actuales instalaciones no nos permiten el acopio de m\u00e1s alimento, ni llegar a m\u00e1s personas por eso queremos crear nuevas instalaciones m\u00e1s grandes y funcionales que nos permitan una mejor log\u00edstica y metodolog\u00eda para lograr este fin, actualmente contamos con un terreno, pero nos falta el recurso para su construcci\u00f3n.<\/span><\/p>\n<p><span style=\"color: #ffffff;\">Algunos datos importantes:<\/span><\/p>\n<p style=\"padding-left: 40px;\"><span style=\"color: #ffffff;\">&#8211; 1 de cada 4 mexicanos no tienen que comer<\/span><\/p>\n<p style=\"padding-left: 40px;\"><span style=\"color: #ffffff;\">&#8211; En M\u00e9xico existen 24.6 millones de personas tienen problemas para alimentarse<\/span><\/p>\n<p style=\"padding-left: 40px;\"><span style=\"color: #ffffff;\">&#8211; Cada a\u00f1o 20.4 millones de toneladas de alimentos se desperdician<\/span><\/p>\n<p style=\"padding-left: 40px;\"><span style=\"color: #ffffff;\">&#8211; De todos los alimentos que se producen en M\u00e9xico la tercera parte se desperdicia<\/span><\/p>\n<p><span style=\"color: #ffffff;\">Veamos los n\u00fameros:<\/span><\/p>\n<p style=\"padding-left: 40px;\"><span style=\"color: #ffffff;\">&#8211; 20.4 \/ 24.6 = 830 kg de alimento por persona por a\u00f1o<\/span><\/p>\n<p style=\"padding-left: 40px;\"><span style=\"color: #ffffff;\">&#8211; En M\u00e9xico por persona consumimos 662 kg de alimento al a\u00f1o, sin<\/span><\/p>\n<p style=\"padding-left: 40px;\"><span style=\"color: #ffffff;\">&#8211; Si se aprovecha el alimento alcanza a alimentar 30 800 personas adicionales<\/span><\/p>\n<p style=\"padding-left: 40px;\"><span style=\"color: #ffffff;\">&#8211; Tomando los datos del INEGI 2022 en Aguascalientes 352 mil personas viven en pobreza, si actualmente estamos apoyando 25 mil personas, solo ayudamos al 7.1% de la poblaci\u00f3n necesitada.<\/span><\/p>\n<p><span style=\"color: #ffffff;\">El problema de la carencia alimentaria es complejo y claramente no tiene soluci\u00f3n inmediata pues existen muchos factores imposibles de controlar, sin embargo, podemos ser un espacio de esperanza para lograr disminuir los \u00edndices de pobreza y mala alimentaci\u00f3n<\/span><\/p>[\/et_pb_text][\/et_pb_column][\/et_pb_row][\/et_pb_section]","protected":false},"excerpt":{"rendered":"<p>Dar de Comer al Hambriento y de Beber al Sediento El BANCO DE ALIMENTOS DE C\u00c1RITAS en Aguascalientes, cuya raz\u00f3n social es BODEGA DE ALIMENTOS DE C\u00c1RITAS DE AGUASCALIENTES, A.C. Somos una asociaci\u00f3n civil, fruto de la sociedad civil organizada desde la inspiraci\u00f3n cristiana cat\u00f3lica pues surgimos desde nuestra fundaci\u00f3n con el claro objetivo de [&hellip;]<\/p>\n","protected":false},"author":1,"featured_media":0,"parent":0,"menu_order":0,"comment_status":"closed","ping_status":"open","template":"","meta":{"_et_pb_use_builder":"on","_et_pb_old_content":"<!-- wp:heading -->\r\n<h2 class=\"wp-block-heading\" style=\"text-align: center;\"><strong>Dar de Comer al Hambriento y de Beber al sediento<\/strong><\/h2>\r\n<!-- \/wp:heading -->","_et_gb_content_width":"","footnotes":""},"class_list":["post-14","page","type-page","status-publish","hentry"],"_links":{"self":[{"href":"https:\/\/diocesisdeaguascalientes.mx\/pastoral-social\/wp-json\/wp\/v2\/pages\/14","targetHints":{"allow":["GET"]}}],"collection":[{"href":"https:\/\/diocesisdeaguascalientes.mx\/pastoral-social\/wp-json\/wp\/v2\/pages"}],"about":[{"href":"https:\/\/diocesisdeaguascalientes.mx\/pastoral-social\/wp-json\/wp\/v2\/types\/page"}],"author":[{"embeddable":true,"href":"https:\/\/diocesisdeaguascalientes.mx\/pastoral-social\/wp-json\/wp\/v2\/users\/1"}],"replies":[{"embeddable":true,"href":"https:\/\/diocesisdeaguascalientes.mx\/pastoral-social\/wp-json\/wp\/v2\/comments?post=14"}],"version-history":[{"count":9,"href":"https:\/\/diocesisdeaguascalientes.mx\/pastoral-social\/wp-json\/wp\/v2\/pages\/14\/revisions"}],"predecessor-version":[{"id":111,"href":"https:\/\/diocesisdeaguascalientes.mx\/pastoral-social\/wp-json\/wp\/v2\/pages\/14\/revisions\/111"}],"wp:attachment":[{"href":"https:\/\/diocesisdeaguascalientes.mx\/pastoral-social\/wp-json\/wp\/v2\/media?parent=14"}],"curies":[{"name":"wp","href":"https:\/\/api.w.org\/{rel}","templated":true}]}}