{"id":2,"date":"2024-03-19T20:18:19","date_gmt":"2024-03-19T19:18:19","guid":{"rendered":"https:\/\/diocesisdeaguascalientes.mx\/pastoral-profetica\/?page_id=2"},"modified":"2025-06-20T06:41:29","modified_gmt":"2025-06-20T12:41:29","slug":"pastoral-profetica","status":"publish","type":"page","link":"https:\/\/diocesisdeaguascalientes.mx\/pastoral-profetica\/","title":{"rendered":"Pastoral Prof\u00e9tica"},"content":{"rendered":"<p>[et_pb_section fb_built=\u00bb1&#8243; _builder_version=\u00bb4.27.4&#8243; background_color=\u00bb#0da0c5&#8243; global_colors_info=\u00bb{}\u00bb][et_pb_row _builder_version=\u00bb4.27.4&#8243; background_color=\u00bb#1d5274&#8243; background_size=\u00bbinitial\u00bb background_position=\u00bbtop_left\u00bb background_repeat=\u00bbrepeat\u00bb global_colors_info=\u00bb{}\u00bb][et_pb_column type=\u00bb4_4&#8243; _builder_version=\u00bb4.16&#8243; custom_padding=\u00bb|||\u00bb global_colors_info=\u00bb{}\u00bb custom_padding__hover=\u00bb|||\u00bb][et_pb_text _builder_version=\u00bb4.27.4&#8243; _module_preset=\u00bbdefault\u00bb text_font_size=\u00bb24px\u00bb text_line_height=\u00bb1.8em\u00bb custom_margin=\u00bb|28px||28px|false|false\u00bb hover_enabled=\u00bb0&#8243; global_colors_info=\u00bb{}\u00bb sticky_enabled=\u00bb0&#8243;]<\/p>\n<h1 style=\"text-align: center;\"><span style=\"color: #ffffff;\">-Pastoral Prof\u00e9tica<\/span><\/h1>\n<p><span style=\"color: #ffffff;\">\u00a0<\/span><\/p>\n<p><span style=\"color: #ffffff;\"><strong style=\"font-size: 24px;\">Primero, hay que definir y entender, de manera general, qu\u00e9 es la pastoral.<\/strong><\/span><\/p>\n<p><span style=\"color: #ffffff;\"><strong style=\"font-size: 24px;\">\u00bfQu\u00e9 es la pastoral? <\/strong><span style=\"font-size: 24px;\">(Tomado del libro: <\/span><em style=\"font-size: 24px;\">Un proceso de formaci\u00f3n para grupos juveniles<\/em><span style=\"font-size: 24px;\">, del Pbro. Javier Gonz\u00e1lez Ram\u00edrez).<\/span><\/span><\/p>\n<p><span style=\"color: #ffffff;\"><strong>\u00a0<\/strong><span style=\"font-size: 24px;\">a) Una pastoral al servicio del Reino.<\/span><\/span><\/p>\n<p><span style=\"color: #ffffff;\">Con el t\u00e9rmino <em>pastoral<\/em> nos referimos al conjunto de acciones de la comunidad eclesial que, animada por la praxis de Jesucristo, busca construir el Reino de Dios en las situaciones concretas de la vida de los hombres.<\/span><\/p>\n<p><span style=\"color: #ffffff;\"><em>(A partir de la anterior definici\u00f3n de pastoral, se desprende lo siguiente) <\/em><\/span><\/p>\n<p><span style=\"font-size: 24px; color: #ffffff;\">b) Punto de partida: la praxis de Jes\u00fas<\/span><\/p>\n<p><span style=\"color: #ffffff;\">Jes\u00fas se llama a s\u00ed mismo Pastor.<\/span><\/p>\n<p style=\"padding-left: 40px;\"><span style=\"color: #ffffff;\">&#8211; Una <em>praxis de obediencia<\/em> al Padre en la realizaci\u00f3n de su proyecto salv\u00edfico (el Reino de Dios).<\/span><\/p>\n<p style=\"padding-left: 40px;\"><span style=\"color: #ffffff;\">&#8211; Una <em>praxis de servicio<\/em> a todos los hombres, siendo solidario con los m\u00e1s necesitados (los pobres y los d\u00e9biles).<\/span><\/p>\n<p><span style=\"color: #ffffff;\">La pr\u00e1ctica de Jes\u00fas comporta cuatro acciones b\u00e1sicas:<\/span><\/p>\n<p style=\"padding-left: 40px;\"><span style=\"color: #ffffff;\">&#8211; La proclamaci\u00f3n de la Buena Nueva del Reino (ACCI\u00d3N PROF\u00c9TICA) (<strong>De aqu\u00ed nace la Pastoral Prof\u00e9tica<\/strong>).<\/span><\/p>\n<p style=\"padding-left: 40px;\"><span style=\"color: #ffffff;\">&#8211; La celebraci\u00f3n de la Pascua como banquete y acci\u00f3n liberadora (ACCI\u00d3N LIT\u00daRGICA).<\/span><\/p>\n<p style=\"padding-left: 40px;\"><span style=\"color: #ffffff;\">&#8211; promoci\u00f3n y liberaci\u00f3n integral de los hombres (ACCI\u00d3N SOCIAL).<\/span><\/p>\n<p style=\"padding-left: 40px;\"><span style=\"color: #ffffff;\">&#8211; vivencia de los valores del Reino a trav\u00e9s de la convivencia fraterna (COMUNI\u00d3N).<\/span><\/p>\n<p><span style=\"font-size: 24px; color: #ffffff;\">c) Un responsable: la comunidad cristiana.<\/span><\/p>\n<p style=\"padding-left: 40px;\"><span style=\"color: #ffffff;\"><em>&#8211; La Iglesia<\/em><em>, <\/em>como comunidad cristiana, <em>es el sujeto de la acci\u00f3n pastoral.<\/em> La acci\u00f3n pastoral es una ACCI\u00d3N ECLESIAL.<\/span><\/p>\n<p><span style=\"color: #ffffff;\"><span style=\"font-size: 24px;\">d) Una meta: el Reino de Dios.<\/span><\/span><\/p>\n<p style=\"padding-left: 40px;\"><span style=\"color: #ffffff;\">&#8211; La acci\u00f3n pastoral tiene como meta el anuncio y la instauraci\u00f3n del Reino de Dios.<\/span><\/p>\n<p style=\"padding-left: 40px;\"><span style=\"color: #ffffff;\">&#8211; La misi\u00f3n de Jes\u00fas se puede resumir en la siguiente frase: <em>\u201cTengo que anunciar la Buena Nueva del Reino de Dios\u2026, porque para eso he sido enviado\u201d<\/em> (Lc. 4, 43).<\/span><\/p>\n<p><span style=\"color: #ffffff;\"><span style=\"font-size: 24px;\">e) Un destinatario: el hombre de hoy.<\/span><\/span><\/p>\n<p style=\"padding-left: 40px;\"><span style=\"color: #ffffff;\">&#8211; La acci\u00f3n pastoral de la Iglesia tiene como destinatario al hombre, entendido como existencia hist\u00f3rica \u201caqu\u00ed y ahora\u201d.<\/span><\/p>\n<p style=\"padding-left: 40px;\"><span style=\"color: #ffffff;\">&#8211; La pastoral consiste en anunciar la salvaci\u00f3n de Jesucristo a los hombres de hoy.<\/span><\/p>\n<p><span style=\"font-size: 24px; color: #ffffff;\">f) Una pastoral org\u00e1nica.<\/span><\/p>\n<p><span style=\"color: #ffffff;\">Es aquella acci\u00f3n de la comunidad cristiana que:<\/span><\/p>\n<p style=\"padding-left: 40px;\"><span style=\"color: #ffffff;\">&#8211; Integra a todos los agentes de pastoral en equipos eclesiales.<\/span><\/p>\n<p style=\"padding-left: 40px;\"><span style=\"color: #ffffff;\">&#8211; Armoniza y unifica las distintas funciones pastorales: anuncio de la Palabra, celebraci\u00f3n de los sacramentos, compromiso liberador y experiencia de comuni\u00f3n.<\/span><\/p>\n<p style=\"padding-left: 40px;\"><span style=\"color: #ffffff;\">&#8211; Act\u00faa bajo el proceso de un plan de pastoral con objetivos, metas y programas concretos.<\/span><\/p>\n<p><span style=\"color: #ffffff;\"><\/span><\/p>\n<p><span style=\"color: #ffffff;\"><strong style=\"font-size: 24px;\">Despu\u00e9s de comprender qu\u00e9 es la pastoral, ahora apliquemos lo anterior a la Pastoral Prof\u00e9tica.<\/strong><\/span><\/p>\n<p><span style=\"font-size: 24px; color: #ffffff;\">a) \u00bfQu\u00e9 es la Pastoral Prof\u00e9tica?<\/span><\/p>\n<p style=\"padding-left: 40px;\"><span style=\"color: #ffffff;\">&#8211; La Pastoral Prof\u00e9tica es la acci\u00f3n de la Iglesia, que acompa\u00f1a a la persona humana durante toda su vida, en su proceso de anuncio del Evangelio, de encuentro con Jesucristo vivo, de conocimiento y crecimiento en la fe; de conversi\u00f3n, de discipulado y de misi\u00f3n permanente, a fin de construir el Reino de Dios en la Iglesia y en el mundo.<\/span><\/p>\n<p><span style=\"color: #ffffff;\"><span style=\"font-size: 24px;\">b) \u00bfPara qu\u00e9 es la Pastoral Prof\u00e9tica?<\/span><\/span><\/p>\n<p style=\"padding-left: 40px;\"><span style=\"color: #ffffff;\">&#8211; La pastoral prof\u00e9tica tiene como tarea <em>\u00abponer a Cristo en el coraz\u00f3n y en los labios de todos los hombres, a trav\u00e9s de la predicaci\u00f3n, para que puedan salvarse\u00bb<\/em> (SD, n.5).<\/span><\/p>\n<p><span style=\"color: #ffffff;\"><span style=\"font-size: 24px;\">c) La Evangelizaci\u00f3n y la Pastoral Prof\u00e9tica.<\/span><\/span><\/p>\n<p style=\"padding-left: 40px;\"><span style=\"color: #ffffff;\"><span style=\"font-size: 24px;\">&#8211; \u201cAl <\/span><strong style=\"font-size: 24px;\">anunciar<\/strong><span style=\"font-size: 24px;\"> el <\/span><strong style=\"font-size: 24px;\">Evangelio<\/strong><span style=\"font-size: 24px;\"> lo <\/span><strong style=\"font-size: 24px;\">anunciamos<\/strong><span style=\"font-size: 24px;\"> a <\/span><strong style=\"font-size: 24px;\">\u00c9l (Jesucristo)<\/strong><span style=\"font-size: 24px;\">. Se trata de una tarea que nos apremia en cualquier \u00e9poca y lugar, porque no puede haber aut\u00e9ntica evangelizaci\u00f3n sin la <\/span><em style=\"font-size: 24px;\">proclamaci\u00f3n expl\u00edcita<\/em><span style=\"font-size: 24px;\"> de que Jes\u00fas es el Se\u00f1or, y sin que exista un primado de la proclamaci\u00f3n de Jesucristo en cualquier actividad de evangelizaci\u00f3n\u201d (IV Plan Diocesano de Pastoral, n. 502).<\/span><\/span><\/p>\n<p>[\/et_pb_text][\/et_pb_column][\/et_pb_row][\/et_pb_section]<\/p>\n","protected":false},"excerpt":{"rendered":"<p>-Pastoral Prof\u00e9tica \u00a0 Primero, hay que definir y entender, de manera general, qu\u00e9 es la pastoral. \u00bfQu\u00e9 es la pastoral? (Tomado del libro: Un proceso de formaci\u00f3n para grupos juveniles, del Pbro. Javier Gonz\u00e1lez Ram\u00edrez). \u00a0a) Una pastoral al servicio del Reino. Con el t\u00e9rmino pastoral nos referimos al conjunto de acciones de la comunidad [&hellip;]<\/p>\n","protected":false},"author":1,"featured_media":0,"parent":0,"menu_order":0,"comment_status":"closed","ping_status":"closed","template":"","meta":{"_et_pb_use_builder":"on","_et_pb_old_content":"<!-- wp:heading -->\n<h2 class=\"wp-block-heading\">Esta es la p\u00e1gina de la Pastoral Prof\u00e9tica<\/h2>\n<!-- \/wp:heading -->","_et_gb_content_width":"","footnotes":""},"class_list":["post-2","page","type-page","status-publish","hentry"],"_links":{"self":[{"href":"https:\/\/diocesisdeaguascalientes.mx\/pastoral-profetica\/wp-json\/wp\/v2\/pages\/2","targetHints":{"allow":["GET"]}}],"collection":[{"href":"https:\/\/diocesisdeaguascalientes.mx\/pastoral-profetica\/wp-json\/wp\/v2\/pages"}],"about":[{"href":"https:\/\/diocesisdeaguascalientes.mx\/pastoral-profetica\/wp-json\/wp\/v2\/types\/page"}],"author":[{"embeddable":true,"href":"https:\/\/diocesisdeaguascalientes.mx\/pastoral-profetica\/wp-json\/wp\/v2\/users\/1"}],"replies":[{"embeddable":true,"href":"https:\/\/diocesisdeaguascalientes.mx\/pastoral-profetica\/wp-json\/wp\/v2\/comments?post=2"}],"version-history":[{"count":4,"href":"https:\/\/diocesisdeaguascalientes.mx\/pastoral-profetica\/wp-json\/wp\/v2\/pages\/2\/revisions"}],"predecessor-version":[{"id":73,"href":"https:\/\/diocesisdeaguascalientes.mx\/pastoral-profetica\/wp-json\/wp\/v2\/pages\/2\/revisions\/73"}],"wp:attachment":[{"href":"https:\/\/diocesisdeaguascalientes.mx\/pastoral-profetica\/wp-json\/wp\/v2\/media?parent=2"}],"curies":[{"name":"wp","href":"https:\/\/api.w.org\/{rel}","templated":true}]}}