{"id":14,"date":"2024-03-23T01:56:41","date_gmt":"2024-03-23T00:56:41","guid":{"rendered":"https:\/\/diocesisdeaguascalientes.mx\/pastoral-profetica\/?page_id=14"},"modified":"2025-06-19T21:23:53","modified_gmt":"2025-06-20T03:23:53","slug":"comision-diocesana-de-pastoral-profetica","status":"publish","type":"page","link":"https:\/\/diocesisdeaguascalientes.mx\/pastoral-profetica\/comision-diocesana-de-pastoral-profetica\/","title":{"rendered":"Comisi\u00f3n Diocesana de Pastoral Prof\u00e9tica"},"content":{"rendered":"<p>[et_pb_section fb_built=\u00bb1&#8243; admin_label=\u00bbsection\u00bb _builder_version=\u00bb4.27.4&#8243; background_color=\u00bb#0da0c5&#8243; global_colors_info=\u00bb{}\u00bb][et_pb_row _builder_version=\u00bb4.27.4&#8243; _module_preset=\u00bbdefault\u00bb background_color=\u00bb#1d5274&#8243; custom_margin=\u00bb-49px|auto||auto||\u00bb global_colors_info=\u00bb{}\u00bb custom_padding=\u00bb63px|||||\u00bb][et_pb_column type=\u00bb4_4&#8243; _builder_version=\u00bb4.27.4&#8243; _module_preset=\u00bbdefault\u00bb global_colors_info=\u00bb{}\u00bb][et_pb_text _builder_version=\u00bb4.27.4&#8243; _module_preset=\u00bbdefault\u00bb text_font_size=\u00bb24px\u00bb text_line_height=\u00bb1.8em\u00bb custom_margin=\u00bb9px|28px||28px|false|false\u00bb global_colors_info=\u00bb{}\u00bb]<\/p>\n<h1 style=\"text-align: center;\">\u00a0<span style=\"color: #ffffff;\"> Comisi\u00f3n Diocesana de Pastoral Prof\u00e9tica<\/span><\/h1>\n<p><span style=\"color: #ffffff;\"><strong><\/strong><\/span><\/p>\n<p><span style=\"color: #ffffff;\"><strong><\/strong><\/span><\/p>\n<p><span style=\"color: #ffffff;\"><strong>Objetivo espec\u00edfico de la Pastoral Prof\u00e9tica en nuestro V PDP<\/strong><\/span><\/p>\n<p><span style=\"color: #ffffff;\">\u201cFortalecer la pastoral prof\u00e9tica en sus dimensiones, propiciando el encuentro con Cristo, mediante procesos integrales, graduales y sistem\u00e1ticos de formaci\u00f3n para asumir el compromiso misionero a ejemplo de Mar\u00eda\u201d<\/span><\/p>\n<p><span style=\"color: #ffffff;\">\u00a0<\/span><strong style=\"color: #ffffff; font-size: 24px;\">\u00bfQu\u00e9 es la Comisi\u00f3n Diocesana de Pastoral Prof\u00e9tica?<\/strong><\/p>\n<p><span style=\"color: #ffffff;\">El hecho de organizar y agrupar las siete Dimensiones en esta Comisi\u00f3n no es para aglutinar, sino para responder a un punto de confluencia, como lo es la Pastoral Prof\u00e9tica.<\/span><\/p>\n<p><span style=\"color: #ffffff;\">Esta Comisi\u00f3n es una instancia de la Di\u00f3cesis que, a trav\u00e9s de sus Dimensiones, anima, promueve e impulsa la evangelizaci\u00f3n en la Di\u00f3cesis.<\/span><\/p>\n<p><span style=\"color: #ffffff;\">Es una instancia que mediante sus Dimensiones sirve de forma subsidiaria y solidaria a los Decanatos y Parroquias de la Di\u00f3cesis.<\/span><\/p>\n<p><span style=\"color: #ffffff;\">Esta Comisi\u00f3n Diocesana de Pastoral Prof\u00e9tica la integran:<\/span><\/p>\n<p style=\"padding-left: 80px;\"><span style=\"color: #ffffff;\">Dimensi\u00f3n Diocesana de Misiones.<\/span><\/p>\n<p style=\"padding-left: 80px;\"><span style=\"color: #ffffff;\">Dimensi\u00f3n Diocesana de Animaci\u00f3n B\u00edblica.<\/span><\/p>\n<p style=\"padding-left: 120px;\"><span style=\"color: #ffffff;\">Animaci\u00f3n B\u00edblica Diocesana.<\/span><\/p>\n<p style=\"padding-left: 120px;\"><span style=\"color: #ffffff;\">Instituto B\u00edblico Diocesano.<\/span><\/p>\n<p style=\"padding-left: 80px;\"><span style=\"color: #ffffff;\">Dimensi\u00f3n Diocesana de Educaci\u00f3n.<\/span><\/p>\n<p style=\"padding-left: 80px;\"><span style=\"color: #ffffff;\">Dimensi\u00f3n Diocesana de Cultura.<\/span><\/p>\n<p style=\"padding-left: 80px;\"><span style=\"color: #ffffff;\">Dimensi\u00f3n Diocesana de Doctrina de la Fe.<\/span><\/p>\n<p style=\"padding-left: 80px;\"><span style=\"color: #ffffff;\">Dimensi\u00f3n Diocesana de la Nueva Evangelizaci\u00f3n.<\/span><\/p>\n<p style=\"padding-left: 80px;\"><span style=\"color: #ffffff;\">Dimensi\u00f3n Diocesana de Catequesis:<\/span><\/p>\n<p style=\"padding-left: 120px;\"><span style=\"color: #ffffff;\">Escuela Diocesana de Formaci\u00f3n Catequ\u00e9tica.<\/span><\/p>\n<p style=\"padding-left: 120px;\"><span style=\"color: #ffffff;\">Catequesis infantil.<\/span><\/p>\n<p style=\"padding-left: 120px;\"><span style=\"color: #ffffff;\">Catequesis Pre Bautismales.<\/span><\/p>\n<p style=\"padding-left: 120px;\"><span style=\"color: #ffffff;\">Catequesis para Quincea\u00f1eras.<\/span><\/p>\n<p style=\"padding-left: 120px;\"><span style=\"color: #ffffff;\">Catequesis para Adultos.<\/span><\/p>\n<p><span style=\"color: #ffffff;\">\u00a0<\/span><\/p>\n<p><strong style=\"color: #ffffff; font-size: 24px;\">\u00bfCu\u00e1l es el organigrama de la Comisi\u00f3n Diocesana de Pastoral Prof\u00e9tica?<\/strong><\/p>\n<p>[\/et_pb_text][et_pb_text _builder_version=\u00bb4.27.4&#8243; _module_preset=\u00bbdefault\u00bb text_font_size=\u00bb24px\u00bb text_line_height=\u00bb1.8em\u00bb custom_margin=\u00bb|28px||28px|false|false\u00bb global_colors_info=\u00bb{}\u00bb]<\/p>\n<p><span style=\"color: #ffffff;\"><strong>VIII Obispo de Aguascalientes:<\/strong> Excmo. Sr. Obispo D. Juan Espinoza Jim\u00e9nez.<\/span><\/p>\n<p><span style=\"color: #ffffff;\"><strong>Vicario Episcopal de Pastoral:<\/strong> Pbro. Juan Carlos Reyes Rodr\u00edguez.<\/span><\/p>\n<p><span style=\"color: #ffffff;\"><strong>Dimensi\u00f3n Diocesana de Catequesis.<\/strong> Coordinador: Pbro. David Alejandro Caballero Reynoso. Auxiliar: Pbro. Juan Alberto Guerrero Garc\u00eda.<\/span><\/p>\n<p><span style=\"color: #ffffff;\"><strong>Dimensi\u00f3n Diocesana de Misiones.<\/strong> Coordinador: Pbro. Lic. Rogelio Estrada Qui\u00f1ones. Auxiliar: Pbro. Samuel L\u00f3pez Alf\u00e9rez.<\/span><\/p>\n<p><span style=\"color: #ffffff;\"><strong>Dimensi\u00f3n Diocesana de Animaci\u00f3n B\u00edblica.<\/strong> Coordinador: Pbro. Lic. Antonio Gonz\u00e1lez Rodr\u00edguez.<\/span><\/p>\n<p><span style=\"color: #ffffff;\"><strong>Dimensi\u00f3n Diocesana de Educaci\u00f3n.<\/strong> Coordinador: Pbro. Lic. Mart\u00edn Gonz\u00e1lez Garc\u00eda.<\/span><\/p>\n<p><span style=\"color: #ffffff;\"><strong>Dimensi\u00f3n Diocesana de Cultura.<\/strong> Coordinador: Pbro. Lic. Jaime Silva Casta\u00f1eda.<\/span><\/p>\n<p><span style=\"color: #ffffff;\"><strong>Dimensi\u00f3n Diocesana de la Nueva Evangelizaci\u00f3n.<\/strong> Coordinador: Pbro. Lic. Juan Gerardo Hern\u00e1ndez Guti\u00e9rrez.<\/span><\/p>\n<p><span style=\"color: #ffffff;\"><strong>Dimensi\u00f3n Diocesana de Doctrina de la Fe.<\/strong> Coordinador: Pbro. Lic. Miguel de Jes\u00fas Sald\u00edvar Mart\u00ednez.<\/span><\/p>\n<p><span style=\"color: #ffffff;\"><\/span><\/p>\n<p><span style=\"color: #ffffff;\"><\/span><\/p>\n<p><strong style=\"color: #ffffff; font-size: 24px;\">\u00bfQu\u00e9 significa el logotipo de la Comisi\u00f3n Diocesana de Pastoral Prof\u00e9tica?<\/strong><\/p>\n<p>[\/et_pb_text][et_pb_image src=\u00bbhttps:\/\/diocesisdeaguascalientes.mx\/pastoral-profetica\/wp-content\/uploads\/sites\/16\/2025\/06\/CDPP.png\u00bb title_text=\u00bbCDPP\u00bb align=\u00bbcenter\u00bb _builder_version=\u00bb4.27.4&#8243; _module_preset=\u00bbdefault\u00bb global_colors_info=\u00bb{}\u00bb][\/et_pb_image][et_pb_text _builder_version=\u00bb4.27.4&#8243; _module_preset=\u00bbdefault\u00bb text_font_size=\u00bb24px\u00bb text_line_height=\u00bb1.8em\u00bb custom_margin=\u00bb|28px||28px|false|false\u00bb global_colors_info=\u00bb{}\u00bb]<\/p>\n<p>&nbsp;<\/p>\n<p><span style=\"color: #ffffff;\">Este logotipo de la Pastoral Prof\u00e9tica Diocesana representa lo siguiente:<\/span><\/p>\n<p><span style=\"color: #ffffff;\">La figura central representa, por un lado, a nuestro Se\u00f1or Jesucristo, resucitado: fuente principal de la evangelizaci\u00f3n. Y, por otro lado, representa al Esp\u00edritu Santo, agente principal de le evangelizaci\u00f3n.<\/span><\/p>\n<p><span style=\"color: #ffffff;\">Detr\u00e1s de la figura principal est\u00e1 la Cruz de Jes\u00fas, signo del cristianismo.<\/span><\/p>\n<p><span style=\"color: #ffffff;\">A los lados de la Cruz se encuentran cuatro figuras, que representan los cuatro Evangelios, fuente principal para conocer a Jes\u00fas, su Buena Nueva, sus promesas, sus milagros, sus palabras, su vida, etc.<\/span><\/p>\n<p><span style=\"color: #ffffff;\">Y de la figura de Jes\u00fas y del Esp\u00edritu Santo se desprenden siete rayos, que representan las siete Dimensiones de esta Comisi\u00f3n: <em>Misiones, Animaci\u00f3n B\u00edblica, Educaci\u00f3n, Cultura, Doctrina de la Fe, Nueva Evangelizaci\u00f3n y Catequesis.<\/em><\/span><\/p>\n<p style=\"text-align: center;\"><span style=\"color: #ffffff;\"><strong>A.M.D.G.<\/strong><\/span><\/p>\n<p>[\/et_pb_text][\/et_pb_column][\/et_pb_row][\/et_pb_section]<\/p>\n","protected":false},"excerpt":{"rendered":"<p>\u00a0 Comisi\u00f3n Diocesana de Pastoral Prof\u00e9tica Objetivo espec\u00edfico de la Pastoral Prof\u00e9tica en nuestro V PDP \u201cFortalecer la pastoral prof\u00e9tica en sus dimensiones, propiciando el encuentro con Cristo, mediante procesos integrales, graduales y sistem\u00e1ticos de formaci\u00f3n para asumir el compromiso misionero a ejemplo de Mar\u00eda\u201d \u00a0\u00bfQu\u00e9 es la Comisi\u00f3n Diocesana de Pastoral Prof\u00e9tica? El hecho [&hellip;]<\/p>\n","protected":false},"author":2,"featured_media":0,"parent":0,"menu_order":0,"comment_status":"closed","ping_status":"closed","template":"","meta":{"_et_pb_use_builder":"on","_et_pb_old_content":"<!-- wp:heading -->\n<h2 class=\"wp-block-heading\">Esta es la p\u00e1gina de Actividades Agendadas<\/h2>\n<!-- \/wp:heading -->","_et_gb_content_width":"","footnotes":""},"class_list":["post-14","page","type-page","status-publish","hentry"],"_links":{"self":[{"href":"https:\/\/diocesisdeaguascalientes.mx\/pastoral-profetica\/wp-json\/wp\/v2\/pages\/14","targetHints":{"allow":["GET"]}}],"collection":[{"href":"https:\/\/diocesisdeaguascalientes.mx\/pastoral-profetica\/wp-json\/wp\/v2\/pages"}],"about":[{"href":"https:\/\/diocesisdeaguascalientes.mx\/pastoral-profetica\/wp-json\/wp\/v2\/types\/page"}],"author":[{"embeddable":true,"href":"https:\/\/diocesisdeaguascalientes.mx\/pastoral-profetica\/wp-json\/wp\/v2\/users\/2"}],"replies":[{"embeddable":true,"href":"https:\/\/diocesisdeaguascalientes.mx\/pastoral-profetica\/wp-json\/wp\/v2\/comments?post=14"}],"version-history":[{"count":12,"href":"https:\/\/diocesisdeaguascalientes.mx\/pastoral-profetica\/wp-json\/wp\/v2\/pages\/14\/revisions"}],"predecessor-version":[{"id":69,"href":"https:\/\/diocesisdeaguascalientes.mx\/pastoral-profetica\/wp-json\/wp\/v2\/pages\/14\/revisions\/69"}],"wp:attachment":[{"href":"https:\/\/diocesisdeaguascalientes.mx\/pastoral-profetica\/wp-json\/wp\/v2\/media?parent=14"}],"curies":[{"name":"wp","href":"https:\/\/api.w.org\/{rel}","templated":true}]}}