{"id":382,"date":"2025-06-16T18:22:06","date_gmt":"2025-06-17T00:22:06","guid":{"rendered":"https:\/\/diocesisdeaguascalientes.mx\/pastoral-de-la-comunicacion\/?page_id=382"},"modified":"2026-05-01T12:12:12","modified_gmt":"2026-05-01T18:12:12","slug":"pastoral-de-la-comunicacion-2","status":"publish","type":"page","link":"https:\/\/diocesisdeaguascalientes.mx\/pastoral-de-la-comunicacion\/","title":{"rendered":"Pastoral de la Comunicaci\u00f3n"},"content":{"rendered":"<p>[et_pb_section fb_built=\u00bb1&#8243; custom_padding_last_edited=\u00bbon|phone\u00bb admin_label=\u00bbHeader\u00bb _builder_version=\u00bb4.24.3&#8243; _module_preset=\u00bbdefault\u00bb use_background_color_gradient=\u00bbon\u00bb background_color_gradient_stops=\u00bbrgba(18,17,93,0.4) 0%|rgba(18,17,93,0.93) 100%\u00bb background_color_gradient_overlays_image=\u00bbon\u00bb background_color_gradient_start=\u00bbrgba(18,17,93,0.4)\u00bb background_color_gradient_end=\u00bbrgba(18,17,93,0.93)\u00bb background_image=\u00bbhttps:\/\/diocesisdeaguascalientes.mx\/pastoral-de-la-comunicacion\/wp-content\/uploads\/sites\/5\/2024\/04\/virgendelaasuncionags.png\u00bb custom_padding=\u00bb77px||77px||true|false\u00bb custom_padding_tablet=\u00bb100px||100px||true|false\u00bb custom_padding_phone=\u00bb80px||80px||true|false\u00bb locked=\u00bboff\u00bb global_colors_info=\u00bb{}\u00bb][et_pb_row column_structure=\u00bb1_2,1_2&#8243; _builder_version=\u00bb4.16&#8243; _module_preset=\u00bbdefault\u00bb global_colors_info=\u00bb{}\u00bb][et_pb_column type=\u00bb1_2&#8243; _builder_version=\u00bb4.16&#8243; _module_preset=\u00bbdefault\u00bb global_colors_info=\u00bb{}\u00bb][et_pb_image src=\u00bbhttps:\/\/diocesisdeaguascalientes.mx\/pastoral-de-la-comunicacion\/wp-content\/uploads\/sites\/5\/2025\/02\/Pastoral-de-la-Comunicacion.png\u00bb title_text=\u00bbPastoral de la Comunicaci\u00f3n\u00bb url=\u00bbhttps:\/\/fb.watch\/xuK4M-GEjj\/\u00bb _builder_version=\u00bb4.27.4&#8243; _module_preset=\u00bbdefault\u00bb global_colors_info=\u00bb{}\u00bb][\/et_pb_image][\/et_pb_column][et_pb_column type=\u00bb1_2&#8243; _builder_version=\u00bb4.27.4&#8243; _module_preset=\u00bbdefault\u00bb global_colors_info=\u00bb{}\u00bb][et_pb_text _builder_version=\u00bb4.27.4&#8243; _module_preset=\u00bbd72c0383-6487-4f2c-ac5c-7d48a6376757&#8243; header_font=\u00bbFutura subtitulo||||||||\u00bb header_text_color=\u00bb#FFFFFF\u00bb header_font_size=\u00bb150px\u00bb custom_margin=\u00bb|||-15px|false|false\u00bb animation_direction=\u00bbtop\u00bb header_font_size_tablet=\u00bb10vw\u00bb header_font_size_phone=\u00bb\u00bb header_font_size_last_edited=\u00bbon|phone\u00bb global_colors_info=\u00bb{}\u00bb]<\/p>\n<h1><\/h1>\n<h1><\/h1>\n<h1><\/h1>\n<h1><\/h1>\n<h1><\/h1>\n<h1><\/h1>\n<h1><\/h1>\n<h1><\/h1>\n<h1><\/h1>\n<h1><\/h1>\n<h1><\/h1>\n<h1><\/h1>\n<h1><\/h1>\n<h1>Pastoral de la Comunicaci\u00f3n<\/h1>\n<p>[\/et_pb_text][\/et_pb_column][\/et_pb_row][et_pb_row _builder_version=\u00bb4.27.4&#8243; _module_preset=\u00bbdefault\u00bb global_colors_info=\u00bb{}\u00bb][et_pb_column type=\u00bb4_4&#8243; _builder_version=\u00bb4.27.4&#8243; _module_preset=\u00bbdefault\u00bb global_colors_info=\u00bb{}\u00bb][et_pb_text _builder_version=\u00bb4.27.4&#8243; _module_preset=\u00bbdefault\u00bb text_font_size=\u00bb22px\u00bb text_line_height=\u00bb1.8em\u00bb global_colors_info=\u00bb{}\u00bb]<\/p>\n<p style=\"text-align: right;\"><span style=\"color: #ffffff;\">P. Rodrigo Mac\u00edas Mora<\/span><\/p>\n<p><span style=\"color: #ffffff;\">\u00a0<\/span><\/p>\n<p><span style=\"color: #ffffff;\">Una de las novedades que el V Plan Diocesano de Pastoral aporta a nuestra realidad diocesana es la Pastoral de la Comunicaci\u00f3n. Anteriormente comunicaci\u00f3n se entend\u00eda como una dimensi\u00f3n de pastoral social. Con el impulso del V PDP, comunicaci\u00f3n ahora se visualiza como una pastoral m\u00e1s, es decir, ahora nuestras parroquias poco a poco han de ser dotadas de equipos de comunicaci\u00f3n que est\u00e9n en relaci\u00f3n constante con la Comisi\u00f3n.<\/span><\/p>\n<p><span style=\"color: #ffffff;\">Hablar de pastoral de la comunicaci\u00f3n es nuevo para nosotros, poco a pocos hemos de ir encontrando los t\u00e9rminos adecuados pero sobre todo hemos de ir descubriendo nuestro ser y quehacer para as\u00ed ser fieles a una identidad que poco a poco vamos configurando.\u00a0 Somos conscientes que no partimos de cero, a nivel diocesano tenemos un medio impreso que desde hace casi 30 a\u00f1os circula en la mayor\u00eda de nuestras parroquias: el Correo Diocesano. En cuesti\u00f3n de redes sociales nos hemos ido abriendo espacio en Facebook, actualmente nuestra cuenta alberga cerca de 40 mil seguidores, lo que nos permite difundir informaci\u00f3n \u00fatil para nuestra iglesia local. Recientemente hemos inaugurado la p\u00e1gina web de la di\u00f3cesis con la intenci\u00f3n de que poco a poco \u00e9sta sea una plataforma que nos sirva en nuestras labores pastorales.\u00a0 Hemos concluido la construcci\u00f3n de un set de grabaci\u00f3n con la finalidad de brindar un espacio con las necesidades t\u00e9cnicas requeridas para irnos abriendo espacio ahora en You Tube.<\/span><\/p>\n<p><span style=\"color: #ffffff;\">A nivel parroquial tampoco partimos de cero, si bien es cierto que no se les daba el nombre de pastoral de la comunicaci\u00f3n, sabemos que muchas parroquias tienen equipos que transmiten las misas y dem\u00e1s eventos parroquiales, en muchas otras existen boletines parroquiales y en muchas m\u00e1s se le da importancia a la elaboraci\u00f3n del peri\u00f3dico mural.<\/span><\/p>\n<p><span style=\"color: #ffffff;\">\u00bfDe qu\u00e9 se trata pues esto que ahora se llama \u201cPastoral de la comunicaci\u00f3n\u201d?\u00a0 La respuesta es simple y a la vez compleja: de hacer lo que ya hacemos pero ahora de una manera org\u00e1nica buscando v\u00ednculos de unidad que nos permitan trabajar juntos. Queremos desde la comisi\u00f3n ir conociendo poco a poco a las personas que integraran los equipos de comunicaci\u00f3n, con la finalidad de ofrecer algunas directrices que permitan unificarnos y crear lazos de ayuda para mejorar la parte t\u00e9cnica incluso a nivel diocesano, sin olvidar la necesidad de formaci\u00f3n no s\u00f3lo en lo t\u00e9cnico sino en lo pastoral y doctrinal pues ante todo un miembro de la Pastoral de la Comunicaci\u00f3n, debe ser una persona de fe e Iglesia.<\/span><\/p>\n<p><span style=\"color: #ffffff;\">Queremos potenciar la Pastoral de la Comunicaci\u00f3n, usando las tecnolog\u00edas de la informaci\u00f3n y comunicaci\u00f3n para contribuir con la pastoral diocesana en la evangelizaci\u00f3n de los \u00e1mbitos sociales y eclesiales.<\/span><\/p>\n<p><span style=\"color: #ffffff;\">Que la virgen Mar\u00eda que supo comunicarnos al fruto bendito de su vientre, nos ayude a cimentar esta pastoral naciente.<\/span><\/p>\n<p>[\/et_pb_text][\/et_pb_column][\/et_pb_row][\/et_pb_section][et_pb_section fb_built=\u00bb1&#8243; admin_label=\u00bbCall to Action\u00bb _builder_version=\u00bb4.24.3&#8243; _module_preset=\u00bbdefault\u00bb global_colors_info=\u00bb{}\u00bb][et_pb_row column_structure=\u00bb3_5,2_5&#8243; make_equal=\u00bbon\u00bb custom_padding_last_edited=\u00bboff|desktop\u00bb _builder_version=\u00bb4.16&#8243; _module_preset=\u00bbdefault\u00bb background_color=\u00bb#12115D\u00bb position_origin_a=\u00bbcenter_center\u00bb custom_padding=\u00bb||0px|||\u00bb custom_padding_tablet=\u00bb60px|60px|60px|60px|true|true\u00bb custom_padding_phone=\u00bb30px|30px|30px|30px|true|true\u00bb global_colors_info=\u00bb{}\u00bb][et_pb_column type=\u00bb3_5&#8243; _builder_version=\u00bb4.16&#8243; _module_preset=\u00bbdefault\u00bb custom_padding=\u00bb60px||60px|60px|true|false\u00bb custom_padding_tablet=\u00bb40px|30px|0px|30px|false|true\u00bb custom_padding_phone=\u00bb|20px||20px|true|true\u00bb custom_padding_last_edited=\u00bbon|phone\u00bb global_colors_info=\u00bb{}\u00bb][et_pb_text _builder_version=\u00bb4.24.3&#8243; _module_preset=\u00bb32021f09-dd67-47fb-8f9a-832b72a38baf\u00bb header_2_font=\u00bbFutura subtitulo|700|||||||\u00bb header_2_text_color=\u00bb#FFFFFF\u00bb header_2_font_size=\u00bb60px\u00bb header_2_line_height=\u00bb1.1em\u00bb max_width=\u00bb500px\u00bb custom_margin=\u00bb||10px||false|false\u00bb animation_direction=\u00bbleft\u00bb header_2_font_size_tablet=\u00bb35px\u00bb header_2_font_size_phone=\u00bb22px\u00bb header_2_font_size_last_edited=\u00bbon|phone\u00bb locked=\u00bboff\u00bb global_colors_info=\u00bb{}\u00bb]<\/p>\n<h2>Basta amar bien para decir bien.<\/h2>\n<p>[\/et_pb_text][\/et_pb_column][et_pb_column type=\u00bb2_5&#8243; _builder_version=\u00bb4.16&#8243; _module_preset=\u00bbdefault\u00bb global_colors_info=\u00bb{}\u00bb][et_pb_button button_text=\u00bbDA\u00bb button_alignment=\u00bbright\u00bb _builder_version=\u00bb4.24.3&#8243; _module_preset=\u00bb453338d2-d507-41d5-af5a-025d56027e7e\u00bb custom_button=\u00bbon\u00bb button_text_size=\u00bb60px\u00bb button_text_color=\u00bb#FFFFFF\u00bb button_bg_color=\u00bb#FF4B09&#8243; button_border_width=\u00bb0px\u00bb button_border_radius=\u00bb0px\u00bb button_font=\u00bbPlayfair Display||||||||\u00bb button_use_icon=\u00bboff\u00bb positioning=\u00bbabsolute\u00bb position_origin_a=\u00bbbottom_right\u00bb position_origin_a_tablet=\u00bb\u00bb position_origin_a_phone=\u00bb\u00bb position_origin_a_last_edited=\u00bbon|tablet\u00bb position_origin_f_tablet=\u00bb\u00bb position_origin_f_phone=\u00bb\u00bb position_origin_f_last_edited=\u00bbon|tablet\u00bb position_origin_r_tablet=\u00bb\u00bb position_origin_r_phone=\u00bb\u00bb position_origin_r_last_edited=\u00bbon|tablet\u00bb background_layout=\u00bbdark\u00bb custom_padding=\u00bb100px||||false|false\u00bb custom_padding_tablet=\u00bb60px||||false|false\u00bb custom_padding_phone=\u00bb40px||||false|false\u00bb custom_padding_last_edited=\u00bbon|phone\u00bb button_text_size_tablet=\u00bb40px\u00bb button_text_size_phone=\u00bb30px\u00bb button_text_size_last_edited=\u00bbon|phone\u00bb positioning_tablet=\u00bbnone\u00bb positioning_phone=\u00bb\u00bb positioning_last_edited=\u00bbon|tablet\u00bb custom_css_main_element=\u00bbline-height: 1.2em !important;\u00bb locked=\u00bboff\u00bb global_colors_info=\u00bb{}\u00bb button_bg_color__hover=\u00bb#097EDC\u00bb button_bg_color__hover_enabled=\u00bbon|hover\u00bb][\/et_pb_button][\/et_pb_column][\/et_pb_row][\/et_pb_section][et_pb_section fb_built=\u00bb1&#8243; custom_padding_last_edited=\u00bbon|phone\u00bb admin_label=\u00bbHeader\u00bb _builder_version=\u00bb4.24.3&#8243; _module_preset=\u00bbdefault\u00bb use_background_color_gradient=\u00bbon\u00bb background_color_gradient_stops=\u00bbrgba(18,17,93,0.4) 0%|rgba(18,17,93,0.93) 100%\u00bb background_color_gradient_overlays_image=\u00bbon\u00bb background_color_gradient_start=\u00bbrgba(18,17,93,0.4)\u00bb background_color_gradient_end=\u00bbrgba(18,17,93,0.93)\u00bb background_image=\u00bbhttps:\/\/diocesisdeaguascalientes.mx\/pastoral-de-la-comunicacion\/wp-content\/uploads\/sites\/5\/2024\/04\/virgendelaasuncionags.png\u00bb custom_padding=\u00bb77px||77px||true|false\u00bb custom_padding_tablet=\u00bb100px||100px||true|false\u00bb custom_padding_phone=\u00bb80px||80px||true|false\u00bb locked=\u00bboff\u00bb global_colors_info=\u00bb{}\u00bb][et_pb_row column_structure=\u00bb1_2,1_2&#8243; _builder_version=\u00bb4.27.4&#8243; _module_preset=\u00bbdefault\u00bb global_colors_info=\u00bb{}\u00bb][et_pb_column type=\u00bb1_2&#8243; _builder_version=\u00bb4.27.4&#8243; _module_preset=\u00bbdefault\u00bb global_colors_info=\u00bb{}\u00bb][et_pb_heading title=\u00bbNuestras Redes Sociales\u00bb _builder_version=\u00bb4.27.6&#8243; _module_preset=\u00bbdefault\u00bb title_text_align=\u00bbright\u00bb title_text_color=\u00bb#FFFFFF\u00bb global_colors_info=\u00bb{}\u00bb][\/et_pb_heading][\/et_pb_column][et_pb_column type=\u00bb1_2&#8243; _builder_version=\u00bb4.27.4&#8243; _module_preset=\u00bbdefault\u00bb global_colors_info=\u00bb{}\u00bb][et_pb_social_media_follow _builder_version=\u00bb4.27.6&#8243; _module_preset=\u00bbdefault\u00bb global_colors_info=\u00bb{}\u00bb][et_pb_social_media_follow_network social_network=\u00bbfacebook\u00bb url=\u00bbhttps:\/\/www.facebook.com\/correo.diocesano\/?locale=es_LA\u00bb icon_color=\u00bb#FFFFFF\u00bb _builder_version=\u00bb4.27.6&#8243; _module_preset=\u00bbdefault\u00bb background_color=\u00bb#0C71C3&#8243; background_enable_color=\u00bbon\u00bb global_colors_info=\u00bb{}\u00bb follow_button=\u00bboff\u00bb url_new_window=\u00bbon\u00bb]facebook[\/et_pb_social_media_follow_network][et_pb_social_media_follow_network social_network=\u00bbyoutube\u00bb url=\u00bbhttps:\/\/youtube.com\/@diocesisdeags?si=yXKGv-1l97yuAKh-\u00bb _builder_version=\u00bb4.27.6&#8243; _module_preset=\u00bbdefault\u00bb background_color=\u00bb#f10028&#8243; background_enable_color=\u00bbon\u00bb global_colors_info=\u00bb{}\u00bb follow_button=\u00bboff\u00bb url_new_window=\u00bbon\u00bb]youtube[\/et_pb_social_media_follow_network][et_pb_social_media_follow_network social_network=\u00bbtiktok\u00bb url=\u00bbhttps:\/\/www.tiktok.com\/@correo.diocesano6?_r=1&#038;_t=ZS-960BCv9W9zw\u00bb _builder_version=\u00bb4.27.6&#8243; _module_preset=\u00bbdefault\u00bb background_color=\u00bb#000000&#8243; background_enable_color=\u00bbon\u00bb global_colors_info=\u00bb{}\u00bb follow_button=\u00bboff\u00bb url_new_window=\u00bbon\u00bb]tiktok[\/et_pb_social_media_follow_network][\/et_pb_social_media_follow][\/et_pb_column][\/et_pb_row][\/et_pb_section][et_pb_section fb_built=\u00bb1&#8243; fullwidth=\u00bbon\u00bb _builder_version=\u00bb4.27.6&#8243; _module_preset=\u00bbdefault\u00bb background_color=\u00bb#FFFFFF\u00bb custom_padding=\u00bb0px||0px|||\u00bb global_colors_info=\u00bb{}\u00bb][et_pb_fullwidth_post_title _builder_version=\u00bb4.27.6&#8243; _module_preset=\u00bbdefault\u00bb meta=\u00bboff\u00bb featured_image=\u00bboff\u00bb hover_enabled=\u00bb0&#8243; sticky_enabled=\u00bb0&#8243; text_color=\u00bblight\u00bb title_font_size=\u00bb1px\u00bb][\/et_pb_fullwidth_post_title][\/et_pb_section][et_pb_section fb_built=\u00bb1&#8243; specialty=\u00bbon\u00bb custom_padding_last_edited=\u00bboff|phone\u00bb padding_bottom_2=\u00bb40px\u00bb padding_top_bottom_link_2=\u00bbfalse\u00bb padding_left_right_link_2=\u00bbfalse\u00bb admin_label=\u00bbFooter\u00bb _builder_version=\u00bb4.24.3&#8243; _module_preset=\u00bbdefault\u00bb use_background_color_gradient=\u00bbon\u00bb background_color_gradient_stops=\u00bbrgba(18,17,93,0.4) 0%|#03015b 100%\u00bb background_color_gradient_overlays_image=\u00bbon\u00bb background_color_gradient_start=\u00bbrgba(18,17,93,0.4)\u00bb background_color_gradient_end=\u00bb#03015b\u00bb background_image=\u00bbhttps:\/\/diocesisdeaguascalientes.mx\/pastoral-de-la-comunicacion\/wp-content\/uploads\/sites\/5\/2024\/04\/catedralbasilicadeags.png\u00bb custom_margin=\u00bb-34px|||||\u00bb custom_padding=\u00bb10.9%||0px||false|false\u00bb custom_padding_tablet=\u00bb||||false|false\u00bb custom_padding_phone=\u00bb||||false|false\u00bb animation_direction=\u00bbbottom\u00bb saved_tabs=\u00bball\u00bb global_colors_info=\u00bb{%22gcid-46874eab-1479-4e97-a380-8c3d8f036d9c%22:%91%22colorEnd%22%93}\u00bb][et_pb_column type=\u00bb2_3&#8243; specialty_columns=\u00bb2&#8243; _builder_version=\u00bb4.16&#8243; custom_padding=\u00bb|||\u00bb global_colors_info=\u00bb{}\u00bb custom_padding__hover=\u00bb|||\u00bb][et_pb_row_inner custom_padding_last_edited=\u00bbon|phone\u00bb _builder_version=\u00bb4.16&#8243; _module_preset=\u00bbdefault\u00bb background_color=\u00bb#03033A\u00bb custom_padding=\u00bb15px|8%|0px|8%|false|true\u00bb custom_padding_tablet=\u00bb60px|60px||60px|false|true\u00bb custom_padding_phone=\u00bb30px|20px||20px|false|true\u00bb global_colors_info=\u00bb{%22gcid-c9411f34-b37e-4feb-a841-9533663e2403%22:%91%22background_color%22%93}\u00bb][et_pb_column_inner saved_specialty_column_type=\u00bb2_3&#8243; _builder_version=\u00bb4.16&#8243; _module_preset=\u00bbdefault\u00bb global_colors_info=\u00bb{}\u00bb][et_pb_text _builder_version=\u00bb4.24.3&#8243; _module_preset=\u00bb32021f09-dd67-47fb-8f9a-832b72a38baf\u00bb header_2_font=\u00bbFutura subtitulo|700|||||||\u00bb header_2_text_color=\u00bb#FFFFFF\u00bb header_2_font_size=\u00bb60px\u00bb header_2_line_height=\u00bb1.1em\u00bb custom_margin=\u00bb||10px||false|false\u00bb animation_direction=\u00bbleft\u00bb header_2_font_size_tablet=\u00bb35px\u00bb header_2_font_size_phone=\u00bb22px\u00bb header_2_font_size_last_edited=\u00bbon|phone\u00bb locked=\u00bboff\u00bb global_colors_info=\u00bb{}\u00bb]<\/p>\n<h2>CONTACTO<\/h2>\n<p>[\/et_pb_text][\/et_pb_column_inner][\/et_pb_row_inner][et_pb_row_inner column_structure=\u00bb1_2,1_2&#8243; custom_padding_last_edited=\u00bbon|phone\u00bb _builder_version=\u00bb4.16&#8243; _module_preset=\u00bbdefault\u00bb background_color=\u00bb#03033A\u00bb custom_padding=\u00bb|8%|0px|8%|false|true\u00bb custom_padding_tablet=\u00bb|60px|60px|60px|false|true\u00bb custom_padding_phone=\u00bb|20px|30px|20px|false|true\u00bb global_colors_info=\u00bb{}\u00bb][et_pb_column_inner type=\u00bb1_2&#8243; saved_specialty_column_type=\u00bb2_3&#8243; _builder_version=\u00bb4.16&#8243; _module_preset=\u00bbdefault\u00bb global_colors_info=\u00bb{}\u00bb][et_pb_text _builder_version=\u00bb4.24.3&#8243; _module_preset=\u00bb4deaa1a6-d0cd-49d0-ada3-8dc22addd086&#8243; header_2_text_color=\u00bb#FFFFFF\u00bb header_4_font=\u00bb|700||on|||||\u00bb header_4_text_color=\u00bbrgba(255,255,255,0.4)\u00bb header_4_font_size=\u00bb14px\u00bb header_4_letter_spacing=\u00bb2px\u00bb header_4_line_height=\u00bb2em\u00bb background_layout=\u00bbdark\u00bb custom_margin=\u00bb||0px||false|false\u00bb locked=\u00bboff\u00bb global_colors_info=\u00bb{}\u00bb]<\/p>\n<h4>tel y mail<\/h4>\n<p>[\/et_pb_text][et_pb_text _builder_version=\u00bb4.27.4&#8243; _module_preset=\u00bbaec0be99-8a53-4f75-abf2-64f29a8b4cc2&#8243; text_font=\u00bbFutura contenido||||||||\u00bb text_text_color=\u00bb#FFFFFF\u00bb text_font_size=\u00bb18px\u00bb text_line_height=\u00bb2em\u00bb custom_margin=\u00bb||5px||false|false\u00bb text_font_size_tablet=\u00bb16px\u00bb text_font_size_phone=\u00bb12px\u00bb text_font_size_last_edited=\u00bbon|phone\u00bb locked=\u00bboff\u00bb global_colors_info=\u00bb{}\u00bb]<\/p>\n<p>+52 1 449 550 4128<\/p>\n<p>[\/et_pb_text][et_pb_text _builder_version=\u00bb4.27.4&#8243; _module_preset=\u00bbaec0be99-8a53-4f75-abf2-64f29a8b4cc2&#8243; text_font=\u00bbFutura contenido||||||||\u00bb text_text_color=\u00bb#FFFFFF\u00bb text_font_size=\u00bb18px\u00bb text_line_height=\u00bb2em\u00bb custom_margin=\u00bb||5px|-51px|false|false\u00bb text_font_size_tablet=\u00bb16px\u00bb text_font_size_phone=\u00bb12px\u00bb text_font_size_last_edited=\u00bbon|phone\u00bb locked=\u00bboff\u00bb global_colors_info=\u00bb{}\u00bb]<\/p>\n<p>comunicacion@diocesisdeaguascalientes.mx<\/p>\n<p>[\/et_pb_text][\/et_pb_column_inner][et_pb_column_inner type=\u00bb1_2&#8243; saved_specialty_column_type=\u00bb2_3&#8243; _builder_version=\u00bb4.16&#8243; _module_preset=\u00bbdefault\u00bb global_colors_info=\u00bb{}\u00bb][et_pb_text _builder_version=\u00bb4.24.3&#8243; _module_preset=\u00bb4deaa1a6-d0cd-49d0-ada3-8dc22addd086&#8243; header_2_text_color=\u00bb#FFFFFF\u00bb header_4_font=\u00bb|700||on|||||\u00bb header_4_text_color=\u00bbrgba(255,255,255,0.4)\u00bb header_4_font_size=\u00bb14px\u00bb header_4_letter_spacing=\u00bb2px\u00bb header_4_line_height=\u00bb2em\u00bb background_layout=\u00bbdark\u00bb custom_margin=\u00bb||0px||false|false\u00bb locked=\u00bboff\u00bb global_colors_info=\u00bb{}\u00bb]<\/p>\n<h4>direccion<\/h4>\n<p>[\/et_pb_text][et_pb_text _builder_version=\u00bb4.24.3&#8243; _module_preset=\u00bbaec0be99-8a53-4f75-abf2-64f29a8b4cc2&#8243; text_font=\u00bbFutura contenido||||||||\u00bb text_text_color=\u00bb#FFFFFF\u00bb text_font_size=\u00bb18px\u00bb text_line_height=\u00bb2em\u00bb text_font_size_tablet=\u00bb16px\u00bb text_font_size_phone=\u00bb12px\u00bb text_font_size_last_edited=\u00bbon|phone\u00bb locked=\u00bboff\u00bb global_colors_info=\u00bb{}\u00bb]<\/p>\n<p>Talamantes\u00a0 #410-Int. C. Barrio de San Marcos C.P. 20070<\/p>\n<p>&nbsp;<\/p>\n<p>[\/et_pb_text][\/et_pb_column_inner][\/et_pb_row_inner][\/et_pb_column][et_pb_column type=\u00bb1_3&#8243; _builder_version=\u00bb4.16&#8243; custom_padding=\u00bb|||\u00bb global_colors_info=\u00bb{}\u00bb custom_padding__hover=\u00bb|||\u00bb][et_pb_text _builder_version=\u00bb4.24.3&#8243; _module_preset=\u00bb32021f09-dd67-47fb-8f9a-832b72a38baf\u00bb header_2_font=\u00bbFutura subtitulo|700|||||||\u00bb header_2_text_color=\u00bb#FFFFFF\u00bb header_2_font_size=\u00bb60px\u00bb header_2_line_height=\u00bb1.1em\u00bb custom_margin=\u00bb||10px||false|false\u00bb animation_direction=\u00bbleft\u00bb header_2_font_size_tablet=\u00bb35px\u00bb header_2_font_size_phone=\u00bb22px\u00bb header_2_font_size_last_edited=\u00bbon|phone\u00bb locked=\u00bboff\u00bb global_colors_info=\u00bb{}\u00bb]<\/p>\n<h2>Hagan lo que \u00c9l les diga<\/h2>\n<p>[\/et_pb_text][\/et_pb_column][\/et_pb_section]<\/p>\n","protected":false},"excerpt":{"rendered":"<p>Pastoral de la Comunicaci\u00f3nP. Rodrigo Mac\u00edas Mora \u00a0 Una de las novedades que el V Plan Diocesano de Pastoral aporta a nuestra realidad diocesana es la Pastoral de la Comunicaci\u00f3n. Anteriormente comunicaci\u00f3n se entend\u00eda como una dimensi\u00f3n de pastoral social. Con el impulso del V PDP, comunicaci\u00f3n ahora se visualiza como una pastoral m\u00e1s, es [&hellip;]<\/p>\n","protected":false},"author":2,"featured_media":0,"parent":0,"menu_order":0,"comment_status":"closed","ping_status":"open","template":"","meta":{"_et_pb_use_builder":"on","_et_pb_old_content":"<!-- wp:paragraph -->\r\n<p>Esta es una p\u00e1gina de ejemplo. Es diferente a una entrada del blog porque permanecer\u00e1 en un solo lugar y aparecer\u00e1 en la navegaci\u00f3n de tu sitio (en la mayor\u00eda de los temas). La mayor\u00eda de las personas comienzan con una p\u00e1gina \u00abAcerca de\u00bb que les presenta a los visitantes potenciales del sitio. Podr\u00edas decir algo as\u00ed:<\/p>\r\n<!-- \/wp:paragraph -->\r\n\r\n<!-- wp:quote -->\r\n<blockquote class=\"wp-block-quote\"><p>\u00a1Hola! Soy camarero de d\u00eda, aspirante a actor de noche y esta es mi web. Vivo en Mairena del Alcor, tengo un perro que se llama Firulais y me gusta el rebujito. (Y las tardes largas con caf\u00e9).<\/p><\/blockquote>\r\n<!-- \/wp:quote -->\r\n\r\n<!-- wp:paragraph -->\r\n<p>\u2026o algo as\u00ed:<\/p>\r\n<!-- \/wp:paragraph -->\r\n\r\n<!-- wp:quote -->\r\n<blockquote class=\"wp-block-quote\"><p>La empresa \u00abMariscos Recio\u00bb fue fundada por Antonio Recio Mata. Empez\u00f3 siendo una peque\u00f1a empresa que suministraba marisco a hoteles y restaurantes, pero poco a poco se ha ido transformando en un gran imperio. Mariscos Recio, el mar al mejor precio.<\/p><\/blockquote>\r\n<!-- \/wp:quote -->\r\n\r\n<!-- wp:paragraph -->\r\n<p>Como nuevo usuario de WordPress, deber\u00edas ir a <a href=\"https:\/\/diocesisdeaguascalientes.mx\/pastoral-de-la-comunicacion\/wp-admin\/\">tu escritorio<\/a> para borrar esta p\u00e1gina y crear nuevas p\u00e1ginas para tu contenido. \u00a1P\u00e1salo bien!<\/p>\r\n<!-- \/wp:paragraph -->","_et_gb_content_width":"","footnotes":""},"class_list":["post-382","page","type-page","status-publish","hentry"],"_links":{"self":[{"href":"https:\/\/diocesisdeaguascalientes.mx\/pastoral-de-la-comunicacion\/wp-json\/wp\/v2\/pages\/382","targetHints":{"allow":["GET"]}}],"collection":[{"href":"https:\/\/diocesisdeaguascalientes.mx\/pastoral-de-la-comunicacion\/wp-json\/wp\/v2\/pages"}],"about":[{"href":"https:\/\/diocesisdeaguascalientes.mx\/pastoral-de-la-comunicacion\/wp-json\/wp\/v2\/types\/page"}],"author":[{"embeddable":true,"href":"https:\/\/diocesisdeaguascalientes.mx\/pastoral-de-la-comunicacion\/wp-json\/wp\/v2\/users\/2"}],"replies":[{"embeddable":true,"href":"https:\/\/diocesisdeaguascalientes.mx\/pastoral-de-la-comunicacion\/wp-json\/wp\/v2\/comments?post=382"}],"version-history":[{"count":7,"href":"https:\/\/diocesisdeaguascalientes.mx\/pastoral-de-la-comunicacion\/wp-json\/wp\/v2\/pages\/382\/revisions"}],"predecessor-version":[{"id":415,"href":"https:\/\/diocesisdeaguascalientes.mx\/pastoral-de-la-comunicacion\/wp-json\/wp\/v2\/pages\/382\/revisions\/415"}],"wp:attachment":[{"href":"https:\/\/diocesisdeaguascalientes.mx\/pastoral-de-la-comunicacion\/wp-json\/wp\/v2\/media?parent=382"}],"curies":[{"name":"wp","href":"https:\/\/api.w.org\/{rel}","templated":true}]}}