{"id":48,"date":"2025-06-19T11:44:43","date_gmt":"2025-06-19T17:44:43","guid":{"rendered":"https:\/\/diocesisdeaguascalientes.mx\/formacion-de-agentes-laicos\/?page_id=48"},"modified":"2025-06-19T13:00:24","modified_gmt":"2025-06-19T19:00:24","slug":"comision-diocesana-de-formacion-de-agentes-laicos","status":"publish","type":"page","link":"https:\/\/diocesisdeaguascalientes.mx\/formacion-de-agentes-laicos\/comision-diocesana-de-formacion-de-agentes-laicos\/","title":{"rendered":"Comisi\u00f3n Diocesana de Formaci\u00f3n de Agentes Laicos"},"content":{"rendered":"<p>[et_pb_section fb_built=\u00bb1&#8243; _builder_version=\u00bb4.27.4&#8243; _module_preset=\u00bbdefault\u00bb hover_enabled=\u00bb0&#8243; global_colors_info=\u00bb{}\u00bb sticky_enabled=\u00bb0&#8243; background_color=\u00bb#0DA0C5&#8243;][et_pb_row _builder_version=\u00bb4.27.4&#8243; _module_preset=\u00bbdefault\u00bb hover_enabled=\u00bb0&#8243; global_colors_info=\u00bb{}\u00bb background_color=\u00bb#1d5274&#8243; sticky_enabled=\u00bb0&#8243;][et_pb_column type=\u00bb4_4&#8243; _builder_version=\u00bb4.27.4&#8243; _module_preset=\u00bbdefault\u00bb global_colors_info=\u00bb{}\u00bb][et_pb_text _builder_version=\u00bb4.27.4&#8243; _module_preset=\u00bbdefault\u00bb text_font_size=\u00bb24px\u00bb text_line_height=\u00bb1.8em\u00bb hover_enabled=\u00bb0&#8243; global_colors_info=\u00bb{}\u00bb sticky_enabled=\u00bb0&#8243; custom_margin=\u00bb|28px||28px|false|false\u00bb custom_padding=\u00bb21px|||||\u00bb]<\/p>\n<h2 style=\"text-align: center;\"><span style=\"color: #ffffff;\"><strong>Comisi\u00f3n Diocesana de Formaci\u00f3n de Agentes Laicos<\/strong><\/span><\/h2>\n<h2 style=\"text-align: center;\"><span style=\"color: #ffffff;\"><strong>(CODIFAL)<\/strong><\/span><\/h2>\n<p><span style=\"color: #ffffff;\">\u00a0<\/span><\/p>\n<p><span style=\"color: #ffffff;\"><strong>La Comisi\u00f3n Diocesana de Formaci\u00f3n de Agentes Laicos (Codifal<\/strong>), es la encargada de promover la formaci\u00f3n sistem\u00e1tica, Integral y permanente de los agentes laicos. Los Agentes Laicos, son aquellos bautizados que participan activamente en las estructuras Diocesanas, en los dem\u00e1s niveles de Iglesia, Parroquias y peque\u00f1as comunidades, inclusive de algunos Movimientos Eclesiales.<\/span><\/p>\n<p><span style=\"color: #ffffff;\">\u00a0<\/span><\/p>\n<p><span style=\"color: #ffffff;\">Su Objetivo es: <strong><em>\u201cFormar sistem\u00e1tica, integral y permanentemente a los Agentes Laicos de la Pastoral <\/em><\/strong><strong><em>a trav\u00e9s de procesos y medios que conduzcan a la madurez de la fe.<\/em><\/strong><strong><em>\u201d ( VPDP 126)<\/em><\/strong><\/span><\/p>\n<p><span style=\"color: #ffffff;\"><strong><em>\u00a0<\/em><\/strong><\/span><\/p>\n<p><span style=\"color: #ffffff;\">Este objetivo lo busca a trav\u00e9s de las diferentes instancias de formaci\u00f3n que hay en la Diocesis, que se encuentran centralizadas en el <strong>Instituto Rafael Mu\u00f1oz N\u00fa\u00f1ez, <\/strong>este a su vez est\u00e1 compuesto por las diferentes Escuelas Diocesanas: el IDETEPA ( Instituto de Estudios Teol\u00f3gico Pastorales), La Escuela Diocesana de M\u00fasica Sacra, La Escuela B\u00edblica Jes\u00fas Maestro, La Escuela de Liturgia y la Escuela Diocesana de Formaci\u00f3n Catequ\u00e9tica (EDIFOCAT), y las Escuelas decanales y parroquiales de Formaci\u00f3n. Estas instituciones abarcan diferentes aspectos de la formaci\u00f3n de los agentes laicos, de manera s\u00f3lida, gradual y sistem\u00e1tica.<\/span><\/p>\n<p><span style=\"color: #ffffff;\">\u00a0<\/span><\/p>\n<p><span style=\"color: #ffffff;\">La Misi\u00f3n de la Codifal:<em> \u201c<strong>Es <\/strong><\/em><strong><em>generar en las personas nuevas actitudes y capacidades que les permitan vivir el seguimiento de Jes\u00fas, desde una experiencia de vida comunitaria, para transformar la realidad eclesial y social.\u201d (Cfr DA 278-280)<\/em><\/strong><\/span><\/p>\n<p><span style=\"color: #ffffff;\"><em>\u00a0<\/em><\/span><\/p>\n<p><span style=\"color: #ffffff;\">Para lograr su misi\u00f3n la Codifal, realiza o asume subsidios que ayuden a lograr la formaci\u00f3n adecuada en los agentes de pastoral, as\u00ed como promueve las experiencias formativas en los diferentes niveles de Iglesia. Esto siempre de acuerdo a los lineamientos de la Iglesia Diocesana expresados en sus documentos ya sea el III S\u00ednodo\u00a0Diocesano de Aguascalientes o el Plan Diocesano de Pastoral Vigente.<\/span><\/p>\n<p><span style=\"color: #ffffff;\"><strong>\u00a0<\/strong><\/span><\/p>\n<p><span style=\"color: #ffffff;\">Su Visi\u00f3n es: <strong>\u00a0\u201c<em>Que los agentes laicos de la pastoral a partir d<\/em><\/strong><strong><em>el encuentro con Jesucristo, la conversi\u00f3n, el discipulado, la comuni\u00f3n eclesial y el dinamismo misionero, desarrollen una personalidad cristiana que les permita llevar el Evangelio en las multiples situaciones de la vida y de la Iglesia.\u201d ( Cfr DA 278-280)<\/em><\/strong><\/span><\/p>\n<p><span style=\"color: #ffffff;\"><strong><em>\u00a0<\/em><\/strong><\/span><\/p>\n<p><span style=\"color: #ffffff;\">Esta visi\u00f3n es ambiciosa pero necesaria puesto que \u201cnadie da lo que no tiene\u201d y los agentes laicos de la pastoral requieren un proceso adecuado de formaci\u00f3n para enfrentar los retos a los que son sometidos en el ambiente eclesial y social. Es para ello que la formaci\u00f3n antes mencionada es indispensable, pues en el mundo actual la buena voluntad y la disposici\u00f3n son necesarias pero apenas son el punto de partida para la realizaci\u00f3n de las diversas tareas en las que los Agentes Laicos de la Pastoral colaboran d\u00eda con d\u00eda.<\/span><\/p>\n<p><span style=\"color: #ffffff;\">\u00a0<\/span><\/p>\n<p style=\"text-align: center;\"><span style=\"color: #ffffff;\">Visita nuestra red social:<\/span><\/p>\n<p>[\/et_pb_text][et_pb_button button_text=\u00bbInstituto B\u00edblico Diocesano Jes\u00fas Maestro\u00bb _builder_version=\u00bb4.27.4&#8243; _module_preset=\u00bbdefault\u00bb button_url=\u00bbhttps:\/\/www.facebook.com\/profile.php?id=100069745009393&#8243; url_new_window=\u00bbon\u00bb button_alignment=\u00bbcenter\u00bb custom_button=\u00bbon\u00bb button_text_color=\u00bb#FFFFFF\u00bb button_bg_use_color_gradient=\u00bbon\u00bb hover_enabled=\u00bb0&#8243; sticky_enabled=\u00bb0&#8243;][\/et_pb_button][\/et_pb_column][\/et_pb_row][\/et_pb_section]<\/p>\n","protected":false},"excerpt":{"rendered":"<p>Comisi\u00f3n Diocesana de Formaci\u00f3n de Agentes Laicos (CODIFAL) \u00a0 La Comisi\u00f3n Diocesana de Formaci\u00f3n de Agentes Laicos (Codifal), es la encargada de promover la formaci\u00f3n sistem\u00e1tica, Integral y permanente de los agentes laicos. Los Agentes Laicos, son aquellos bautizados que participan activamente en las estructuras Diocesanas, en los dem\u00e1s niveles de Iglesia, Parroquias y peque\u00f1as [&hellip;]<\/p>\n","protected":false},"author":2,"featured_media":0,"parent":0,"menu_order":0,"comment_status":"closed","ping_status":"closed","template":"","meta":{"_et_pb_use_builder":"on","_et_pb_old_content":"","_et_gb_content_width":"","footnotes":""},"class_list":["post-48","page","type-page","status-publish","hentry"],"_links":{"self":[{"href":"https:\/\/diocesisdeaguascalientes.mx\/formacion-de-agentes-laicos\/wp-json\/wp\/v2\/pages\/48","targetHints":{"allow":["GET"]}}],"collection":[{"href":"https:\/\/diocesisdeaguascalientes.mx\/formacion-de-agentes-laicos\/wp-json\/wp\/v2\/pages"}],"about":[{"href":"https:\/\/diocesisdeaguascalientes.mx\/formacion-de-agentes-laicos\/wp-json\/wp\/v2\/types\/page"}],"author":[{"embeddable":true,"href":"https:\/\/diocesisdeaguascalientes.mx\/formacion-de-agentes-laicos\/wp-json\/wp\/v2\/users\/2"}],"replies":[{"embeddable":true,"href":"https:\/\/diocesisdeaguascalientes.mx\/formacion-de-agentes-laicos\/wp-json\/wp\/v2\/comments?post=48"}],"version-history":[{"count":5,"href":"https:\/\/diocesisdeaguascalientes.mx\/formacion-de-agentes-laicos\/wp-json\/wp\/v2\/pages\/48\/revisions"}],"predecessor-version":[{"id":57,"href":"https:\/\/diocesisdeaguascalientes.mx\/formacion-de-agentes-laicos\/wp-json\/wp\/v2\/pages\/48\/revisions\/57"}],"wp:attachment":[{"href":"https:\/\/diocesisdeaguascalientes.mx\/formacion-de-agentes-laicos\/wp-json\/wp\/v2\/media?parent=48"}],"curies":[{"name":"wp","href":"https:\/\/api.w.org\/{rel}","templated":true}]}}