{"id":15,"date":"2024-03-23T05:32:33","date_gmt":"2024-03-23T04:32:33","guid":{"rendered":"https:\/\/diocesisdeaguascalientes.mx\/catedral-basilica-de-la-asuncion\/?page_id=15"},"modified":"2024-03-23T05:32:33","modified_gmt":"2024-03-23T04:32:33","slug":"actividades-agendadas","status":"publish","type":"page","link":"https:\/\/diocesisdeaguascalientes.mx\/catedral-basilica-de-la-asuncion\/actividades-agendadas\/","title":{"rendered":"Actividades Agendadas"},"content":{"rendered":"\n<h2 class=\"wp-block-heading\">Esta es la p\u00e1gina de Actividades Agendadas<\/h2>\n","protected":false},"excerpt":{"rendered":"<p>Esta es la p\u00e1gina de Actividades Agendadas<\/p>\n","protected":false},"author":1,"featured_media":0,"parent":0,"menu_order":0,"comment_status":"closed","ping_status":"closed","template":"","meta":{"_et_pb_use_builder":"off","_et_pb_old_content":"<!-- wp:heading -->\n<h2 class=\"wp-block-heading\">Esta es la p\u00e1gina de la Catedral Bas\u00edlica de la Asunci\u00f3n<\/h2>\n<!-- \/wp:heading -->","_et_gb_content_width":"","footnotes":""},"class_list":["post-15","page","type-page","status-publish","hentry"],"_links":{"self":[{"href":"https:\/\/diocesisdeaguascalientes.mx\/catedral-basilica-de-la-asuncion\/wp-json\/wp\/v2\/pages\/15","targetHints":{"allow":["GET"]}}],"collection":[{"href":"https:\/\/diocesisdeaguascalientes.mx\/catedral-basilica-de-la-asuncion\/wp-json\/wp\/v2\/pages"}],"about":[{"href":"https:\/\/diocesisdeaguascalientes.mx\/catedral-basilica-de-la-asuncion\/wp-json\/wp\/v2\/types\/page"}],"author":[{"embeddable":true,"href":"https:\/\/diocesisdeaguascalientes.mx\/catedral-basilica-de-la-asuncion\/wp-json\/wp\/v2\/users\/1"}],"replies":[{"embeddable":true,"href":"https:\/\/diocesisdeaguascalientes.mx\/catedral-basilica-de-la-asuncion\/wp-json\/wp\/v2\/comments?post=15"}],"version-history":[{"count":0,"href":"https:\/\/diocesisdeaguascalientes.mx\/catedral-basilica-de-la-asuncion\/wp-json\/wp\/v2\/pages\/15\/revisions"}],"wp:attachment":[{"href":"https:\/\/diocesisdeaguascalientes.mx\/catedral-basilica-de-la-asuncion\/wp-json\/wp\/v2\/media?parent=15"}],"curies":[{"name":"wp","href":"https:\/\/api.w.org\/{rel}","templated":true}]}}